{"id":2590,"date":"2021-03-02T22:52:35","date_gmt":"2021-03-02T22:52:35","guid":{"rendered":"http:\/\/timpix.hu\/?page_id=2590"},"modified":"2024-08-29T19:23:01","modified_gmt":"2024-08-29T19:23:01","slug":"arak","status":"publish","type":"page","link":"https:\/\/timpix.hu\/?page_id=2590","title":{"rendered":"\u00c1rak"},"content":{"rendered":"<p><b>Kar\u00e1csonyi fot\u00f3 csomag: 40<\/b><b>.000.-<\/b><\/p>\n<ul>\n<li><span style=\"font-weight: 400;\">1 \u00f3r\u00e1s fot\u00f3z\u00e1si lehet\u0151s\u00e9g<\/span><\/li>\n<li>saj\u00e1t fot\u00f3st\u00fadi\u00f3ban<\/li>\n<li>smink ig\u00e9nyelhet\u0151: 5000.-\/f\u0151<\/li>\n<li>minimum 50 ut\u00f3munk\u00e1zott k\u00e9p, digit\u00e1lisan \u00e1tk\u00fcldve<\/li>\n<\/ul>\n<p>30 perces fot\u00f3z\u00e1s 30.000.- (20 ut\u00f3munk\u00e1zott k\u00e9p, digit\u00e1lisan \u00e1tk\u00fcldve)<\/p>\n<p><b>Csal\u00e1di, kismama, glamour fot\u00f3 csomag: 40<\/b><b>.000.-<\/b><\/p>\n<ul>\n<li><span style=\"font-weight: 400;\">1 \u00f3r\u00e1s fot\u00f3z\u00e1si lehet\u0151s\u00e9g<\/span><\/li>\n<li>saj\u00e1t fot\u00f3st\u00fadi\u00f3ban vagy \u00d3csa k\u00f6rny\u00e9ki k\u00fcls\u0151 helysz\u00edneken<\/li>\n<li>smink ig\u00e9nyelhet\u0151: 5000.-\/f\u0151<\/li>\n<li>minimum 50 ut\u00f3munk\u00e1zott k\u00e9p, digit\u00e1lisan \u00e1tk\u00fcldve<\/li>\n<li>t\u00e1volabbi helysz\u00ednek ig\u00e9nybev\u00e9tele eset\u00e9n a kisz\u00e1ll\u00e1s d\u00edja: 10.000.- +k\u00fcls\u0151 st\u00fadi\u00f3 b\u00e9rleti d\u00edj<\/li>\n<\/ul>\n<p><b>&#8222;Esk\u00fcv\u0151 Fot\u00f3-Vide\u00f3&#8221;<\/b><b>\u00a0csomag: 499<\/b><b>.000.-<\/b><\/p>\n<ul>\n<li><span style=\"font-weight: 400;\">k\u00e9pek k\u00e9sz\u00edt\u00e9se k\u00e9sz\u00fcl\u0151d\u00e9st\u0151l eg\u00e9szen hajnali 1:00 \u00f3r\u00e1ig<\/span><\/li>\n<li><span style=\"font-weight: 400;\">kreat\u00edv fot\u00f3z\u00e1s, az esk\u00fcv\u0151 napj\u00e1n ak\u00e1r k\u00fcls\u0151 helysz\u00ednen is<\/span><\/li>\n<li><span style=\"font-weight: 400;\">szertart\u00e1s, kis- \u00e9s nagycsoportk\u00e9pek, j\u00e1t\u00e9kok, vacsi, buli fot\u00f3z\u00e1sa<\/span><\/li>\n<li><span style=\"font-weight: 400;\">smink a Nagy Napon + pr\u00f3basmink<\/span><\/li>\n<li>highlights-film k\u00e9sz\u00edt\u00e9se el\u0151zetes egyeztet\u00e9s alapj\u00e1n<\/li>\n<li>dr\u00f3nfelv\u00e9tel<\/li>\n<li><span style=\"font-weight: 400;\">t\u00fal\u00f3ra hajnali 1:00 ut\u00e1n 15.000ft\/\u00f3ra \/f\u0151<\/span><\/li>\n<li><span style=\"font-weight: 400;\">kisz\u00e1ll\u00e1si d\u00edj 100km felett 95ft\/km, illetve ha kell akkor az aut\u00f3p\u00e1lya matrica d\u00edja<\/span><\/li>\n<\/ul>\n<p>Vide\u00f3-referenci\u00e1k: <a href=\"http:\/\/hdeskuvo.com\/\">www.hdeskuvo.com<\/a><\/p>\n<p><b>&#8222;Esk\u00fcv\u0151 Minimal&#8221; fot\u00f3 csomag:<\/b> <b>149.000.-<\/b><\/p>\n<ul>\n<li><span style=\"font-weight: 400;\">k\u00e9pek k\u00e9sz\u00edt\u00e9se a Nagy Napon 14:00-t\u0151l<\/span><\/li>\n<li><span style=\"font-weight: 400;\">kreat\u00edv fot\u00f3z\u00e1s az esk\u00fcv\u0151 helysz\u00edn\u00e9n<\/span><\/li>\n<li><span style=\"font-weight: 400;\">szertart\u00e1s, kis- \u00e9s nagycsoportk\u00e9pek\u00a0<\/span><\/li>\n<li><span style=\"font-weight: 400;\">vacsora el\u0151tt v\u00e9gez a fot\u00f3s<\/span><\/li>\n<li><span style=\"font-weight: 400;\">t\u00fal\u00f3ra 15.000ft\/\u00f3ra, vagy ha el\u0151bb kell menni, mint 14:00 \u00f3ra<\/span><\/li>\n<li><span style=\"font-weight: 400;\">\u00a0kisz\u00e1ll\u00e1si d\u00edj 100km felett 95ft\/km, illetve ha kell akkor az aut\u00f3p\u00e1lya matrica d\u00edja<\/span><\/li>\n<\/ul>\n<p><b>&#8222;Esk\u00fcv\u0151 Optimal&#8221; fot\u00f3 csomag:<\/b> <b>249.000.-<\/b><\/p>\n<ul>\n<li><span style=\"font-weight: 400;\">k\u00e9pek k\u00e9sz\u00edt\u00e9se a Nagy Napon 13:00-t\u0151l\u00a0<\/span><\/li>\n<li><span style=\"font-weight: 400;\">kreat\u00edv fot\u00f3z\u00e1s az esk\u00fcv\u0151 napj\u00e1n ak\u00e1r k\u00fcls\u0151 helysz\u00ednen is<\/span><\/li>\n<li><span style=\"font-weight: 400;\">szertart\u00e1s, kis- \u00e9s nagycsoportk\u00e9pek, j\u00e1t\u00e9kok, vacsora, buli fot\u00f3z\u00e1sa, hajnali 1:00-ig.<\/span><\/li>\n<li><span style=\"font-weight: 400;\">t\u00fal\u00f3ra hajnali 1:00 ut\u00e1n 15.000ft\/\u00f3ra<\/span><\/li>\n<li><span style=\"font-weight: 400;\">d\u00e9lel\u0151tti k\u00e9sz\u00fcl\u0151d\u0151s k\u00e9pek k\u00e9sz\u00edt\u00e9s\u00e9nek kisz\u00e1ll\u00e1si d\u00edja 25.000ft<\/span><\/li>\n<li><span style=\"font-weight: 400;\">amennyiben a sminket is \u00e9n csin\u00e1lom, abban az esetben a d\u00e9lel\u0151tti kisz\u00e1ll\u00e1si d\u00edj nincs felsz\u00e1molva<\/span><\/li>\n<li><span style=\"font-weight: 400;\">kisz\u00e1ll\u00e1si d\u00edj 100km felett 95ft\/km, illetve ha kell, akkor az aut\u00f3p\u00e1lya matrica d\u00edja<\/span><\/li>\n<\/ul>\n<p><span style=\"font-weight: 400;\">\u00a0<\/span><span style=\"font-weight: 400;\">\u00a0<\/span><\/p>\n<p><b>&#8222;Esk\u00fcv\u0151 Pr\u00e9mium&#8221; fot\u00f3 csomag:<\/b> <b>\u00a0 \u00a0 \u00a0 \u00a0 \u00a0 \u00a0 \u00a0 289.000.-<\/b><\/p>\n<ul>\n<li><span style=\"font-weight: 400;\">k\u00e9pek k\u00e9sz\u00edt\u00e9se k\u00e9sz\u00fcl\u0151d\u00e9st\u0151l eg\u00e9szen hajnali 1:00 \u00f3r\u00e1ig<\/span><\/li>\n<li><span style=\"font-weight: 400;\">kreat\u00edv fot\u00f3z\u00e1s, az esk\u00fcv\u0151 napj\u00e1n ak\u00e1r k\u00fcls\u0151 helysz\u00ednen is<\/span><\/li>\n<li><span style=\"font-weight: 400;\">szertart\u00e1s, kis- \u00e9s nagycsoportk\u00e9pek, j\u00e1t\u00e9kok, vacsi, buli fot\u00f3z\u00e1sa<\/span><\/li>\n<li><span style=\"font-weight: 400;\">smink a Nagy Napon + pr\u00f3basmink<\/span><\/li>\n<li>pr\u00e9mium fot\u00f3k\u00f6nyv (21 x 21 cm, 26 oldal a 100 legjobb k\u00e9pb\u0151l)<\/li>\n<li><span style=\"font-weight: 400;\">t\u00fal\u00f3ra hajnali 1:00 ut\u00e1n 15.000ft\/\u00f3ra \/f\u0151<\/span><\/li>\n<li><span style=\"font-weight: 400;\">kisz\u00e1ll\u00e1si d\u00edj 100km felett 95ft\/km, illetve ha kell akkor az aut\u00f3p\u00e1lya matrica d\u00edja<\/span><\/li>\n<\/ul>\n<p><b>Jegyes fot\u00f3z\u00e1s, illetve k\u00fcl\u00f6n napon a kreat\u00edv fot\u00f3z\u00e1s:\u00a0 \u00a0 \u00a0 50.000ft<\/b><\/p>\n<p><span style=\"font-weight: 400;\">Az \u00e1r tartalmazza:<\/span><\/p>\n<ul>\n<li><span style=\"font-weight: 400;\">a kisz\u00e1ll\u00e1si d\u00edjat 50 km-ig (ef\u00f6l\u00f6tt 95.-\/km)<\/span><\/li>\n<li><span style=\"font-weight: 400;\">a fot\u00f3s rendelkez\u00e9sre \u00e1ll\u00e1s\u00e1t 4 \u00f3r\u00e1n kereszt\u00fcl<\/span><\/li>\n<li><span style=\"font-weight: 400;\">a k\u00e9pek ut\u00f3munk\u00e1j\u00e1t<\/span><\/li>\n<li><span style=\"font-weight: 400;\">smink aznapra plusz 7000ft-\u00e9rt ig\u00e9nyelhet\u0151<\/span><\/li>\n<\/ul>\n<p><b>A fot\u00f3k 80%-a ut\u00f3munk\u00e1zva\/f\u00e9nyelve ker\u00fclnek \u00e1tad\u00e1sra. A k\u00e9pek mennyis\u00e9ge f\u00fcgg az adott napi programokt\u00f3l [min. 1000 db]. A k\u00e9pek \u00e1tad\u00e1sa file-k\u00fcld\u0151 szolg\u00e1ltat\u00e1son kereszt\u00fcl t\u00f6rt\u00e9nik. A k\u00e9pek jellemz\u0151en 2-3 h\u00e9t alatt k\u00e9sz\u00fclnek el.<\/b><\/p>\n<p><b>Smink szolg\u00e1ltat\u00e1s<\/b> <b>30.000.-<\/b><\/p>\n<ul>\n<li><span style=\"font-weight: 400;\">Pr\u00f3ba smink lehet\u0151s\u00e9g, melyet az esk\u00fcv\u0151 el\u00f6tt kb. egy h\u00f3nappal lehet ig\u00e9nybe venni.<\/span><\/li>\n<li><span style=\"font-weight: 400;\">Professzion\u00e1lis kozmetikumokkal dolgozom pl.: MAC. \u00c9vekig a sminkmester\u00fck\u00a0 voltam. Sz\u00e1mos divatbemutat\u00f3n \u00e9s tv-m\u0171sorban sminkeltem. \u00c1ltal\u00e1ban \u00e9n sminkelem a menyasszonyaimat mert szeretik, hogy ut\u00e1na is figyelek a sminkj\u00fckre \u00e9s igaz\u00edtom, ha kell.<\/span><\/li>\n<li><span style=\"font-weight: 400;\">Plusz smink ig\u00e9ny el\u0151re leegyeztetett l\u00e9tsz\u00e1mmal 7000ft\/f\u0151<\/span><\/li>\n<\/ul>\n<h4><\/h4>\n","protected":false},"excerpt":{"rendered":"<p>Kar\u00e1csonyi fot\u00f3 csomag: 40.000.- 1 \u00f3r\u00e1s fot\u00f3z\u00e1si lehet\u0151s\u00e9g saj\u00e1t fot\u00f3st\u00fadi\u00f3ban smink ig\u00e9nyelhet\u0151: 5000.-\/f\u0151 minimum 50 ut\u00f3munk\u00e1zott k\u00e9p, digit\u00e1lisan \u00e1tk\u00fcldve 30 perces fot\u00f3z\u00e1s 30.000.- (20 ut\u00f3munk\u00e1zott k\u00e9p, digit\u00e1lisan \u00e1tk\u00fcldve) Csal\u00e1di, kismama, glamour fot\u00f3 csomag: 40.000.- 1 \u00f3r\u00e1s fot\u00f3z\u00e1si lehet\u0151s\u00e9g saj\u00e1t fot\u00f3st\u00fadi\u00f3ban vagy \u00d3csa k\u00f6rny\u00e9ki k\u00fcls\u0151 helysz\u00edneken smink ig\u00e9nyelhet\u0151: 5000.-\/f\u0151 minimum 50 ut\u00f3munk\u00e1zott k\u00e9p, digit\u00e1lisan \u00e1tk\u00fcldve t\u00e1volabbi helysz\u00ednek ig\u00e9nybev\u00e9tele eset\u00e9n a kisz\u00e1ll\u00e1s d\u00edja: 10.000.- +k\u00fcls\u0151 st\u00fadi\u00f3 b\u00e9rleti d\u00edj &#8222;Esk\u00fcv\u0151 Fot\u00f3-Vide\u00f3&#8221;\u00a0csomag: 499.000.- k\u00e9pek [&hellip;]<\/p>\n","protected":false},"author":1,"featured_media":0,"parent":0,"menu_order":0,"comment_status":"closed","ping_status":"closed","template":"","meta":{"footnotes":""},"_links":{"self":[{"href":"https:\/\/timpix.hu\/index.php?rest_route=\/wp\/v2\/pages\/2590"}],"collection":[{"href":"https:\/\/timpix.hu\/index.php?rest_route=\/wp\/v2\/pages"}],"about":[{"href":"https:\/\/timpix.hu\/index.php?rest_route=\/wp\/v2\/types\/page"}],"author":[{"embeddable":true,"href":"https:\/\/timpix.hu\/index.php?rest_route=\/wp\/v2\/users\/1"}],"replies":[{"embeddable":true,"href":"https:\/\/timpix.hu\/index.php?rest_route=%2Fwp%2Fv2%2Fcomments&post=2590"}],"version-history":[{"count":15,"href":"https:\/\/timpix.hu\/index.php?rest_route=\/wp\/v2\/pages\/2590\/revisions"}],"predecessor-version":[{"id":4105,"href":"https:\/\/timpix.hu\/index.php?rest_route=\/wp\/v2\/pages\/2590\/revisions\/4105"}],"wp:attachment":[{"href":"https:\/\/timpix.hu\/index.php?rest_route=%2Fwp%2Fv2%2Fmedia&parent=2590"}],"curies":[{"name":"wp","href":"https:\/\/api.w.org\/{rel}","templated":true}]}}