{"id":34,"date":"2015-01-21T08:58:29","date_gmt":"2015-01-21T08:58:29","guid":{"rendered":"http:\/\/timpix.hu\/?page_id=34"},"modified":"2021-03-03T16:02:44","modified_gmt":"2021-03-03T16:02:44","slug":"kapcsolat","status":"publish","type":"page","link":"https:\/\/timpix.hu\/?page_id=34","title":{"rendered":"Kapcsolat"},"content":{"rendered":"<p style=\"text-align: center;\"><span style=\"color: #000000;\"><a style=\"color: #000000;\" href=\"http:\/\/timpix.hu\/wp-content\/uploads\/2021\/03\/timpixlogo_transparent-e1614710001590.png\" rel=\"attachment wp-att-1174\"><img decoding=\"async\" loading=\"lazy\" class=\"aligncenter wp-image-2579 size-full\" src=\"http:\/\/timpix.hu\/wp-content\/uploads\/2021\/03\/timpixlogo_transparent-e1614710001590.png\" alt=\"\" width=\"400\" height=\"84\" \/><\/a><\/span><\/p>\n<p style=\"text-align: center;\"><span style=\"color: #000000;\"><div class='spacer' style='margin-bottom: 90px;' ><\/div><\/span><\/p>\n<h1 style=\"text-align: center;\"><span style=\"color: #ffffff;\"><strong>Bar\u00e1th-Orosz T\u00edmea<\/strong><\/span><\/h1>\n<p style=\"text-align: center;\"><span style=\"color: #ffffff;\"><strong> fotogr\u00e1fus, sminkmester<\/strong><\/span><\/p>\n<p style=\"text-align: center;\"><span style=\"color: #ffffff;\">Tel.: +36 30 3105662<\/span><\/p>\n<p style=\"text-align: center;\"><span style=\"color: #ffffff;\">email:\u00a0info@timpix.hu<\/span><\/p>\n<p style=\"text-align: center;\">\n","protected":false},"excerpt":{"rendered":"<p>Bar\u00e1th-Orosz T\u00edmea fotogr\u00e1fus, sminkmester Tel.: +36 30 3105662 email:\u00a0info@timpix.hu<\/p>\n","protected":false},"author":1,"featured_media":0,"parent":0,"menu_order":10,"comment_status":"closed","ping_status":"closed","template":"","meta":{"footnotes":""},"_links":{"self":[{"href":"https:\/\/timpix.hu\/index.php?rest_route=\/wp\/v2\/pages\/34"}],"collection":[{"href":"https:\/\/timpix.hu\/index.php?rest_route=\/wp\/v2\/pages"}],"about":[{"href":"https:\/\/timpix.hu\/index.php?rest_route=\/wp\/v2\/types\/page"}],"author":[{"embeddable":true,"href":"https:\/\/timpix.hu\/index.php?rest_route=\/wp\/v2\/users\/1"}],"replies":[{"embeddable":true,"href":"https:\/\/timpix.hu\/index.php?rest_route=%2Fwp%2Fv2%2Fcomments&post=34"}],"version-history":[{"count":28,"href":"https:\/\/timpix.hu\/index.php?rest_route=\/wp\/v2\/pages\/34\/revisions"}],"predecessor-version":[{"id":2644,"href":"https:\/\/timpix.hu\/index.php?rest_route=\/wp\/v2\/pages\/34\/revisions\/2644"}],"wp:attachment":[{"href":"https:\/\/timpix.hu\/index.php?rest_route=%2Fwp%2Fv2%2Fmedia&parent=34"}],"curies":[{"name":"wp","href":"https:\/\/api.w.org\/{rel}","templated":true}]}}