{"id":41,"date":"2015-01-21T09:08:01","date_gmt":"2015-01-21T09:08:01","guid":{"rendered":"http:\/\/timpix.hu\/?page_id=41"},"modified":"2021-02-16T19:10:10","modified_gmt":"2021-02-16T19:10:10","slug":"partnerek","status":"publish","type":"page","link":"https:\/\/timpix.hu\/?page_id=41","title":{"rendered":"Partnerek"},"content":{"rendered":"<h1 style=\"text-align: center;\"><strong>Orosz Norbert <\/strong><\/h1>\n<p style=\"text-align: center;\"><strong>pirotechnikus<\/strong><\/p>\n<p style=\"text-align: center;\">Tel.: +36 30 3929890<\/p>\n<p style=\"text-align: center;\">email: norby.npc@gmail.com<\/p>\n<p style=\"text-align: center;\">&#8212;&#8212;&#8212;&#8212;&#8212;&#8212;&#8212;&#8212;&#8212;&#8212;&#8212;&#8212;&#8212;&#8212;&#8212;&#8212;&#8212;&#8212;&#8212;&#8212;&#8212;&#8212;&#8212;&#8212;&#8212;&#8212;<\/p>\n<p style=\"text-align: center;\">Esk\u00fcv\u0151i film, vide\u00f3, dr\u00f3n<\/p>\n<p style=\"text-align: center;\"><img decoding=\"async\" loading=\"lazy\" class=\"aligncenter wp-image-364 size-full\" src=\"http:\/\/timpix.hu\/wp-content\/uploads\/2015\/01\/hdeskuvo.jpg\" alt=\"hdeskuvo\" width=\"398\" height=\"76\" srcset=\"https:\/\/timpix.hu\/wp-content\/uploads\/2015\/01\/hdeskuvo.jpg 398w, https:\/\/timpix.hu\/wp-content\/uploads\/2015\/01\/hdeskuvo-300x57.jpg 300w\" sizes=\"(max-width: 398px) 100vw, 398px\" \/><\/p>\n<p style=\"text-align: center;\"><a href=\"http:\/\/www.hdeskuvo.com\" target=\"_blank\">www.hdeskuvo.com<\/a><\/p>\n<p style=\"text-align: center;\">&#8212;&#8212;&#8212;&#8212;&#8212;&#8212;&#8212;&#8212;&#8212;&#8212;&#8212;&#8212;&#8212;&#8212;&#8212;&#8212;&#8212;&#8212;&#8212;&#8212;&#8212;&#8212;&#8212;&#8212;&#8212;&#8212;<\/p>\n<h1 style=\"text-align: center;\"><strong>Hamerli Tibor\u00a0<\/strong><\/h1>\n<p style=\"text-align: center;\"><strong>Cerem\u00f3niamester<\/strong><\/p>\n<p style=\"text-align: center;\"><a href=\"http:\/\/timpix.hu\/wp-content\/uploads\/2015\/01\/header3.jpg\" rel=\"attachment wp-att-1851\"><img decoding=\"async\" loading=\"lazy\" class=\"aligncenter size-full wp-image-1851\" src=\"http:\/\/timpix.hu\/wp-content\/uploads\/2015\/01\/header3.jpg\" alt=\"header3\" width=\"400\" height=\"100\" srcset=\"https:\/\/timpix.hu\/wp-content\/uploads\/2015\/01\/header3.jpg 400w, https:\/\/timpix.hu\/wp-content\/uploads\/2015\/01\/header3-300x75.jpg 300w\" sizes=\"(max-width: 400px) 100vw, 400px\" \/><\/a><a href=\"http:\/\/timpix.hu\/wp-content\/uploads\/2015\/01\/header2.jpg\" rel=\"attachment wp-att-1849\"><br \/>\n<\/a>a-ceremoniamester-hamerli-tibor.hu<\/p>\n<p style=\"text-align: center;\">email: info@discofever.hu<\/p>\n<p style=\"text-align: center;\">Tel.:\u00a0+36 70 6098681<\/p>\n<p style=\"text-align: center;\">\n<h1 style=\"text-align: center;\"><\/h1>\n<p style=\"text-align: center;\">\n","protected":false},"excerpt":{"rendered":"<p>Orosz Norbert pirotechnikus Tel.: +36 30 3929890 email: norby.npc@gmail.com &#8212;&#8212;&#8212;&#8212;&#8212;&#8212;&#8212;&#8212;&#8212;&#8212;&#8212;&#8212;&#8212;&#8212;&#8212;&#8212;&#8212;&#8212;&#8212;&#8212;&#8212;&#8212;&#8212;&#8212;&#8212;&#8212; Esk\u00fcv\u0151i film, vide\u00f3, dr\u00f3n www.hdeskuvo.com &#8212;&#8212;&#8212;&#8212;&#8212;&#8212;&#8212;&#8212;&#8212;&#8212;&#8212;&#8212;&#8212;&#8212;&#8212;&#8212;&#8212;&#8212;&#8212;&#8212;&#8212;&#8212;&#8212;&#8212;&#8212;&#8212; Hamerli Tibor\u00a0 Cerem\u00f3niamester a-ceremoniamester-hamerli-tibor.hu email: info@discofever.hu Tel.:\u00a0+36 70 6098681<\/p>\n","protected":false},"author":1,"featured_media":0,"parent":509,"menu_order":7,"comment_status":"closed","ping_status":"closed","template":"","meta":{"footnotes":""},"_links":{"self":[{"href":"https:\/\/timpix.hu\/index.php?rest_route=\/wp\/v2\/pages\/41"}],"collection":[{"href":"https:\/\/timpix.hu\/index.php?rest_route=\/wp\/v2\/pages"}],"about":[{"href":"https:\/\/timpix.hu\/index.php?rest_route=\/wp\/v2\/types\/page"}],"author":[{"embeddable":true,"href":"https:\/\/timpix.hu\/index.php?rest_route=\/wp\/v2\/users\/1"}],"replies":[{"embeddable":true,"href":"https:\/\/timpix.hu\/index.php?rest_route=%2Fwp%2Fv2%2Fcomments&post=41"}],"version-history":[{"count":30,"href":"https:\/\/timpix.hu\/index.php?rest_route=\/wp\/v2\/pages\/41\/revisions"}],"predecessor-version":[{"id":2357,"href":"https:\/\/timpix.hu\/index.php?rest_route=\/wp\/v2\/pages\/41\/revisions\/2357"}],"up":[{"embeddable":true,"href":"https:\/\/timpix.hu\/index.php?rest_route=\/wp\/v2\/pages\/509"}],"wp:attachment":[{"href":"https:\/\/timpix.hu\/index.php?rest_route=%2Fwp%2Fv2%2Fmedia&parent=41"}],"curies":[{"name":"wp","href":"https:\/\/api.w.org\/{rel}","templated":true}]}}