{"id":48,"date":"2016-03-05T09:45:28","date_gmt":"2016-03-05T09:45:28","guid":{"rendered":"http:\/\/timpix.hu\/?page_id=48"},"modified":"2021-03-02T23:14:22","modified_gmt":"2021-03-02T23:14:22","slug":"rolam","status":"publish","type":"page","link":"https:\/\/timpix.hu\/?page_id=48","title":{"rendered":"R\u00f3lam"},"content":{"rendered":"<p>&nbsp;<\/p>\n<p class=\"alignleft\">V\u00e9gzetts\u00e9gem h\u00e1rom \u00e9v tanul\u00e1s<a href=\"http:\/\/timpix.hu\/wp-content\/uploads\/timi01.jpg\" rel=\"attachment wp-att-526\"><img decoding=\"async\" loading=\"lazy\" class=\" wp-image-526 alignleft\" src=\"http:\/\/timpix.hu\/wp-content\/uploads\/timi01.jpg\" alt=\"timi01\" width=\"167\" height=\"252\" srcset=\"https:\/\/timpix.hu\/wp-content\/uploads\/timi01.jpg 3264w, https:\/\/timpix.hu\/wp-content\/uploads\/timi01-199x300.jpg 199w, https:\/\/timpix.hu\/wp-content\/uploads\/timi01-768x1160.jpg 768w, https:\/\/timpix.hu\/wp-content\/uploads\/timi01-678x1024.jpg 678w\" sizes=\"(max-width: 167px) 100vw, 167px\" \/><\/a> ut\u00e1n a TH\u00c9BA M\u0171v\u00e9szeti Akad\u00e9mi\u00e1n szereztem, alkalmazott fotogr\u00e1fus szakon. Fot\u00f3m\u0171v\u00e9sz tan\u00e1rom V\u00e9k\u00e1s Magdolna volt, aki seg\u00edtett kibontakoztatni l\u00e1t\u00e1sm\u00f3domat. Im\u00e1dok fot\u00f3zni. F\u0151leg szem\u00e9lyeket. Arcokat,\u00a0reakci\u00f3kat, mozdulatokat. Pont ez\u00e9rt, mestervizsg\u00e1n a v\u00e1lasztott t\u00e9m\u00e1m a portr\u00e9fot\u00f3z\u00e1s volt, amit\u0151l a tan\u00e1raim \u00f3va intettek, mert az egyik legnehezebb t\u00e9mak\u00f6r. A vizsg\u00e1t sikeresen letettem. A fot\u00f3z\u00e1s mellett smink- \u00e9s maszkmesteri kurzusra is j\u00e1rtam, amit szint\u00e9n nagyon megszerettem \u00e9s a sz\u00edvemhez n\u0151tt. Ebben a szakm\u00e1ban szinte azonnal el tudtam helyezkedni \u00e9s \u00e9rv\u00e9nyes\u00fclni. Sz\u00e1mos filmben, videoklip \u00e9s rekl\u00e1mfilm forgat\u00e1son, magazinm\u0171sorban, divatbemutat\u00f3n valamint fot\u00f3z\u00e1son dolgoztam, illetve k\u00e9t \u00e9vig a L&#8217;Oreal Magyarorsz\u00e1g egyik sminkese voltam. Ezut\u00e1n h\u00e1rom \u00e9vig a MAC Cosmetics c\u00e9gnek dolgoztam sminkmesterk\u00e9nt, ebb\u0151l egy \u00e9vet \u00fczletvezet\u0151k\u00e9nt is. Ezek ut\u00e1n az \u00e9letem \u00fagy alakult, hogy k\u00e9t gy\u00f6ny\u00f6r\u0171 gyerk\u0151c\u00f6m sz\u00fcletett. Az itthon t\u00f6lt\u00f6tt id\u0151 inspir\u00e1lt arra, hogy a fot\u00f3z\u00e1st \u00fajra elkezdjem \u00e9s felfriss\u00edtsem, \u00edgy m\u00e1r 2012 \u00f3ta minden ny\u00e1ron esk\u00fcv\u0151k t\u00f6mkeleg\u00e9t fot\u00f3zom. Szeretek alkotni, mert boldogg\u00e1 tesz az, hogy a szerelmes p\u00e1rok egyik legszebb napj\u00e1t \u00e9n \u00f6r\u00f6k\u00edthetem meg. Sok p\u00e1r \u00fagy a sz\u00edvemhez n\u0151tt, hogy az\u00f3ta is fot\u00f3zom \u0151ket \u00e1ldott \u00e1llapotban \u00e9s term\u00e9szetesen, mikor meg\u00e9rkezik az ut\u00f3d, akkor is.<\/p>\n<p>Ha tetszenek a k\u00e9peim, \u00e9s \u00fagy \u00e9rzitek, \u00e9n lenn\u00e9k a legmegfelel\u0151bb szem\u00e9ly arra, hogy meg\u00f6r\u00f6k\u00edtsem a Nagy Napot, h\u00edvjatok bizalommal!<\/p>\n<p>&nbsp;<\/p>\n<p>&nbsp;<\/p>\n<h4>Bar\u00e1th Orosz T\u00edmea<\/h4>\n","protected":false},"excerpt":{"rendered":"<p>&nbsp; V\u00e9gzetts\u00e9gem h\u00e1rom \u00e9v tanul\u00e1s ut\u00e1n a TH\u00c9BA M\u0171v\u00e9szeti Akad\u00e9mi\u00e1n szereztem, alkalmazott fotogr\u00e1fus szakon. Fot\u00f3m\u0171v\u00e9sz tan\u00e1rom V\u00e9k\u00e1s Magdolna volt, aki seg\u00edtett kibontakoztatni l\u00e1t\u00e1sm\u00f3domat. Im\u00e1dok fot\u00f3zni. F\u0151leg szem\u00e9lyeket. Arcokat,\u00a0reakci\u00f3kat, mozdulatokat. Pont ez\u00e9rt, mestervizsg\u00e1n a v\u00e1lasztott t\u00e9m\u00e1m a portr\u00e9fot\u00f3z\u00e1s volt, amit\u0151l a tan\u00e1raim \u00f3va intettek, mert az egyik legnehezebb t\u00e9mak\u00f6r. A vizsg\u00e1t sikeresen letettem. A fot\u00f3z\u00e1s mellett smink- \u00e9s maszkmesteri kurzusra is j\u00e1rtam, amit szint\u00e9n nagyon megszerettem \u00e9s a sz\u00edvemhez n\u0151tt. Ebben [&hellip;]<\/p>\n","protected":false},"author":1,"featured_media":0,"parent":0,"menu_order":0,"comment_status":"closed","ping_status":"closed","template":"","meta":{"footnotes":""},"_links":{"self":[{"href":"https:\/\/timpix.hu\/index.php?rest_route=\/wp\/v2\/pages\/48"}],"collection":[{"href":"https:\/\/timpix.hu\/index.php?rest_route=\/wp\/v2\/pages"}],"about":[{"href":"https:\/\/timpix.hu\/index.php?rest_route=\/wp\/v2\/types\/page"}],"author":[{"embeddable":true,"href":"https:\/\/timpix.hu\/index.php?rest_route=\/wp\/v2\/users\/1"}],"replies":[{"embeddable":true,"href":"https:\/\/timpix.hu\/index.php?rest_route=%2Fwp%2Fv2%2Fcomments&post=48"}],"version-history":[{"count":19,"href":"https:\/\/timpix.hu\/index.php?rest_route=\/wp\/v2\/pages\/48\/revisions"}],"predecessor-version":[{"id":2642,"href":"https:\/\/timpix.hu\/index.php?rest_route=\/wp\/v2\/pages\/48\/revisions\/2642"}],"wp:attachment":[{"href":"https:\/\/timpix.hu\/index.php?rest_route=%2Fwp%2Fv2%2Fmedia&parent=48"}],"curies":[{"name":"wp","href":"https:\/\/api.w.org\/{rel}","templated":true}]}}